{"id":49,"date":"2017-03-08T15:15:09","date_gmt":"2017-03-08T15:15:09","guid":{"rendered":"http:\/\/kaiserls.com\/?page_id=49"},"modified":"2021-04-22T13:31:51","modified_gmt":"2021-04-22T13:31:51","slug":"what-they-say","status":"publish","type":"page","link":"https:\/\/kaiserls.com\/index.php\/what-they-say\/","title":{"rendered":"What they say"},"content":{"rendered":"<p><\/p>\n<h5><span style=\"color: #003366;\">LOUISA BROUK, Student at the Prince&#8217;s Foundation School of Traditional Arts, London &#8211; COURSE TAKEN: EXAM ACCELERATOR &#8211; IELTS<br \/>\n<\/span><\/h5>\n<p><em>Aman and Stephane (my teachers) in Kaiser school were amazing as they greatly improved my then-terrible English skills and helped me pass the IELTS tests. Because of them I am much more confident in my English skills and I couldn\u2019t thank them enough. They were extremely helpful as they were always there for me if I had questions about anything. I recommend these classes to anyone who struggles with speaking and writing English.<\/em><\/p>\n<h5><span style=\"color: #003366;\">MOUM&#8217;TAAZ COLO, Master 2 University Student, France &#8211; COURSE TAKEN: PROFILE BOOSTER &#8211; Group classes<br \/>\n<\/span><\/h5>\n<p><em>Fille au pair London je recherchais des cours pour am\u00e9liorer la qualit\u00e9 de mon anglais. Aman et Stef sont des enseignants d\u00e9vou\u00e9s, des professionnels dans leur domaine, tout en \u00e9tant tr\u00e8s amicaux et bienveillants. Un v\u00e9ritable plaisir de travailler avec eux. De retour en France, j&#8217;ai repris des cours sur skype pour pr\u00e9parer un examen que j&#8217;ai pu passer haut la main gr\u00e2ce aux cours et conseils. Merveilleuse rencontre! Derni\u00e8re chose , Aman est tr\u00e8s tr\u00e8s dr\u00f4le. : ).<\/em><\/p>\n<h5><span style=\"color: #003366;\">C\u00e9line Delysse, Department of Health (Minist\u00e8re de la Sant\u00e9), France &#8211; COURSE TAKEN: Career BOOSTER<\/span><\/h5>\n<p><em>Une exp\u00e9rience des plus concluante. Mon objectif \u00e9tait en plus tr\u00e8s sp\u00e9cifique, avec un timing court &#8221; Affaires publiques et sant\u00e9&#8221; et Aman Kaiser m&#8217;a propos\u00e9 un planning et une solution qui m&#8217;ont permis d&#8217;avancer tr\u00e8s vite.<\/em><br \/>\n<em> Je recommande !!!<\/em><\/p>\n<h5><span style=\"color: #003366;\">PAULINE AUGER, France &#8211; COURSE TAKEN: NANNIES &amp; AU PAIRS<br \/>\n<\/span><\/h5>\n<p><em><span class=\"r-iAbI7FWU9UwU\"><span class=\"review-full-text\"><span dir=\"ltr\">J&#8217;ai pris des cours \u00e0 Kaiser Language Solutions pendant presque 3 mois. Aman et St\u00e9phane sont d&#8217;excellents professeurs, attentifs, bienveillants et tr\u00e8s gentils. J&#8217;ai pu vraiment am\u00e9liorer mon niveau d&#8217;anglais avec eux. Je recommande \u00e0 100% cette \u00e9cole!<\/span><\/span><\/span><\/em><\/p>\n<h5><span style=\"color: #003366;\">Philippe Nicolas, Airline PILOT, France &#8211; COURSE TAKEN: CAREER BOOSTER<\/span><\/h5>\n<p><em>Apr\u00e8s une licence de pilote de ligne pass\u00e9e \u00e0 Cranfield College of Air Training, il m&#8217;a fallu me pr\u00e9parer pour les entretiens avec les compagnies a\u00e9riennes. Mon succ\u00e8s, je le dois \u00e0 Aman Kaiser. Un stage intensif m&#8217;a permis d&#8217;obtenir un tr\u00e8s bon niveau d&#8217;Anglais et de me pr\u00e9senter aux s\u00e9l\u00e9ctions de British Midland, British European, et d&#8217;autres avec succ\u00e8s.<\/em><br \/>\n<em> Je recommande vivement ce professionnel \u00e0 tout ceux qui d\u00e9sirent progresser rapidement et devenir &#8220;Fluent in English&#8221; as they say in the UK.<\/em><\/p>\n<h5><span style=\"color: #003366;\"><strong>PAOLO CARCASSI, ITALY &#8211; COURSE TAKEn: Profile BOOSTER<\/strong><\/span><\/h5>\n<p class=\"p1\"><em>Due settimane passate a Londra per le nascita del nipote sono anche state utili per migliorare il mio inglese.\u00a0<\/em><br \/>\n<em>Dal colloquio a tu per tu, si apprendono modi di dire e frasi di conversazione che non si imparano sui libri e la comprensione \u00a0del linguaggio \u00e8 sensibilmente aumentata dalle ore passate con Aman in piacevoli conversazioni su vari temi. Come pure gli errori pi\u00f9 comuni di grammatica. sono stati corretti. Un periodo felice per il lieto evento e utile per potenziare lo strumento della lingua. Grazie, Paolo.<\/em><\/p>\n<p><!--more--><\/p>\n<p><em>The two weeks I spent in London for my grandson\u2019s birth were also an occasion to improve my English. The one-to-one approach enabled me to learn ways of saying things and ways of constructing sentences that are not possible by merely reading textbooks. The hours spent with Aman engaging in pleasant conversation about various topics significantly increased my understanding of the English language, including intricate grammar points. The happy event was combined with the language learning to make my stay even more so enjoyable. Thank you. Paolo<\/em><\/p>","protected":false},"excerpt":{"rendered":"<p>LOUISA BROUK, Student at the Prince&#8217;s Foundation School of Traditional Arts, London &#8211; COURSE TAKEN: EXAM ACCELERATOR &#8211; IELTS Aman and Stephane (my teachers) in Kaiser school were amazing as they greatly improved my then-terrible English skills and helped me pass the IELTS tests. Because of them I am much more confident in my English &hellip; <\/p>\n<p class=\"link-more\"><a href=\"https:\/\/kaiserls.com\/index.php\/what-they-say\/\" class=\"more-link\">Continue reading<span class=\"screen-reader-text\"> &#8220;What they say&#8221;<\/span><\/a><\/p>\n","protected":false},"author":1,"featured_media":130,"parent":0,"menu_order":0,"comment_status":"closed","ping_status":"closed","template":"","meta":{"footnotes":""},"class_list":["post-49","page","type-page","status-publish","has-post-thumbnail","hentry"],"yoast_head":"<!-- This site is optimized with the Yoast SEO plugin v26.3 - https:\/\/yoast.com\/wordpress\/plugins\/seo\/ -->\n<title>What they say - Kaiser Learning Studio<\/title>\n<meta name=\"description\" content=\"What our clients say about us, Testimonials, rating, comments\" \/>\n<meta name=\"robots\" content=\"index, follow, max-snippet:-1, max-image-preview:large, max-video-preview:-1\" \/>\n<link rel=\"canonical\" href=\"https:\/\/kaiserls.com\/index.php\/what-they-say\/\" \/>\n<meta property=\"og:locale\" content=\"en_US\" \/>\n<meta property=\"og:type\" content=\"article\" \/>\n<meta property=\"og:title\" content=\"What they say - Kaiser Learning Studio\" \/>\n<meta property=\"og:description\" content=\"What our clients say about us, Testimonials, rating, comments\" \/>\n<meta property=\"og:url\" content=\"https:\/\/kaiserls.com\/index.php\/what-they-say\/\" \/>\n<meta property=\"og:site_name\" content=\"Kaiser Learning Studio\" \/>\n<meta property=\"article:publisher\" content=\"https:\/\/www.facebook.com\/kaiserls\/\" \/>\n<meta property=\"article:modified_time\" content=\"2021-04-22T13:31:51+00:00\" \/>\n<meta property=\"og:image\" content=\"https:\/\/kaiserls.com\/wp-content\/uploads\/2017\/03\/Two-Women-2000x1200.jpg\" \/>\n\t<meta property=\"og:image:width\" content=\"2000\" \/>\n\t<meta property=\"og:image:height\" content=\"1200\" \/>\n\t<meta property=\"og:image:type\" content=\"image\/jpeg\" \/>\n<meta name=\"twitter:card\" content=\"summary_large_image\" \/>\n<meta name=\"twitter:site\" content=\"@ls_kaiser\" \/>\n<meta name=\"twitter:label1\" content=\"Est. reading time\" \/>\n\t<meta name=\"twitter:data1\" content=\"3 minutes\" \/>\n<script type=\"application\/ld+json\" class=\"yoast-schema-graph\">{\"@context\":\"https:\/\/schema.org\",\"@graph\":[{\"@type\":\"WebPage\",\"@id\":\"https:\/\/kaiserls.com\/index.php\/what-they-say\/\",\"url\":\"https:\/\/kaiserls.com\/index.php\/what-they-say\/\",\"name\":\"What they say - Kaiser Learning Studio\",\"isPartOf\":{\"@id\":\"https:\/\/kaiserls.com\/#website\"},\"primaryImageOfPage\":{\"@id\":\"https:\/\/kaiserls.com\/index.php\/what-they-say\/#primaryimage\"},\"image\":{\"@id\":\"https:\/\/kaiserls.com\/index.php\/what-they-say\/#primaryimage\"},\"thumbnailUrl\":\"https:\/\/kaiserls.com\/wp-content\/uploads\/2017\/03\/Two-Women-2000x1200.jpg\",\"datePublished\":\"2017-03-08T15:15:09+00:00\",\"dateModified\":\"2021-04-22T13:31:51+00:00\",\"description\":\"What our clients say about us, Testimonials, rating, comments\",\"breadcrumb\":{\"@id\":\"https:\/\/kaiserls.com\/index.php\/what-they-say\/#breadcrumb\"},\"inLanguage\":\"en-US\",\"potentialAction\":[{\"@type\":\"ReadAction\",\"target\":[\"https:\/\/kaiserls.com\/index.php\/what-they-say\/\"]}]},{\"@type\":\"ImageObject\",\"inLanguage\":\"en-US\",\"@id\":\"https:\/\/kaiserls.com\/index.php\/what-they-say\/#primaryimage\",\"url\":\"https:\/\/kaiserls.com\/wp-content\/uploads\/2017\/03\/Two-Women-2000x1200.jpg\",\"contentUrl\":\"https:\/\/kaiserls.com\/wp-content\/uploads\/2017\/03\/Two-Women-2000x1200.jpg\",\"width\":2000,\"height\":1200,\"caption\":\"Testimonials Credits Claudia Balasoiu\/Freepik\"},{\"@type\":\"BreadcrumbList\",\"@id\":\"https:\/\/kaiserls.com\/index.php\/what-they-say\/#breadcrumb\",\"itemListElement\":[{\"@type\":\"ListItem\",\"position\":1,\"name\":\"Home\",\"item\":\"https:\/\/kaiserls.com\/\"},{\"@type\":\"ListItem\",\"position\":2,\"name\":\"What they say\"}]},{\"@type\":\"WebSite\",\"@id\":\"https:\/\/kaiserls.com\/#website\",\"url\":\"https:\/\/kaiserls.com\/\",\"name\":\"Kaiser Learning Studio\",\"description\":\"ENGLISH, MATHS, SCIENCE and MODERN FOREIGN LANGUAGE SCHOOL AND CONSULTANCY \u2022 BOOST SCHOOL RESULTS, CAREER AND PERSONAL PROFILES \u2022 ENHANCE INTERNATIONAL PRESENCE \u2022 GAIN MATHS, SCIENCE, ENGLISH and MFL GCSEs + ENGLISH LANGUAGE CERTIFICATES \u2022 ONLINE OR AT OUR LONDON STUDIO\",\"publisher\":{\"@id\":\"https:\/\/kaiserls.com\/#organization\"},\"potentialAction\":[{\"@type\":\"SearchAction\",\"target\":{\"@type\":\"EntryPoint\",\"urlTemplate\":\"https:\/\/kaiserls.com\/?s={search_term_string}\"},\"query-input\":{\"@type\":\"PropertyValueSpecification\",\"valueRequired\":true,\"valueName\":\"search_term_string\"}}],\"inLanguage\":\"en-US\"},{\"@type\":\"Organization\",\"@id\":\"https:\/\/kaiserls.com\/#organization\",\"name\":\"Kaiser Language Solutions\",\"url\":\"https:\/\/kaiserls.com\/\",\"logo\":{\"@type\":\"ImageObject\",\"inLanguage\":\"en-US\",\"@id\":\"https:\/\/kaiserls.com\/#\/schema\/logo\/image\/\",\"url\":\"http:\/\/kaiserls.com\/wp-content\/uploads\/2017\/03\/KLS-Letter-Head.png\",\"contentUrl\":\"http:\/\/kaiserls.com\/wp-content\/uploads\/2017\/03\/KLS-Letter-Head.png\",\"width\":618,\"height\":202,\"caption\":\"Kaiser Language Solutions\"},\"image\":{\"@id\":\"https:\/\/kaiserls.com\/#\/schema\/logo\/image\/\"},\"sameAs\":[\"https:\/\/www.facebook.com\/kaiserls\/\",\"https:\/\/x.com\/ls_kaiser\"]}]}<\/script>\n<!-- \/ Yoast SEO plugin. -->","yoast_head_json":{"title":"What they say - Kaiser Learning Studio","description":"What our clients say about us, Testimonials, rating, comments","robots":{"index":"index","follow":"follow","max-snippet":"max-snippet:-1","max-image-preview":"max-image-preview:large","max-video-preview":"max-video-preview:-1"},"canonical":"https:\/\/kaiserls.com\/index.php\/what-they-say\/","og_locale":"en_US","og_type":"article","og_title":"What they say - Kaiser Learning Studio","og_description":"What our clients say about us, Testimonials, rating, comments","og_url":"https:\/\/kaiserls.com\/index.php\/what-they-say\/","og_site_name":"Kaiser Learning Studio","article_publisher":"https:\/\/www.facebook.com\/kaiserls\/","article_modified_time":"2021-04-22T13:31:51+00:00","og_image":[{"width":2000,"height":1200,"url":"https:\/\/kaiserls.com\/wp-content\/uploads\/2017\/03\/Two-Women-2000x1200.jpg","type":"image\/jpeg"}],"twitter_card":"summary_large_image","twitter_site":"@ls_kaiser","twitter_misc":{"Est. reading time":"3 minutes"},"schema":{"@context":"https:\/\/schema.org","@graph":[{"@type":"WebPage","@id":"https:\/\/kaiserls.com\/index.php\/what-they-say\/","url":"https:\/\/kaiserls.com\/index.php\/what-they-say\/","name":"What they say - Kaiser Learning Studio","isPartOf":{"@id":"https:\/\/kaiserls.com\/#website"},"primaryImageOfPage":{"@id":"https:\/\/kaiserls.com\/index.php\/what-they-say\/#primaryimage"},"image":{"@id":"https:\/\/kaiserls.com\/index.php\/what-they-say\/#primaryimage"},"thumbnailUrl":"https:\/\/kaiserls.com\/wp-content\/uploads\/2017\/03\/Two-Women-2000x1200.jpg","datePublished":"2017-03-08T15:15:09+00:00","dateModified":"2021-04-22T13:31:51+00:00","description":"What our clients say about us, Testimonials, rating, comments","breadcrumb":{"@id":"https:\/\/kaiserls.com\/index.php\/what-they-say\/#breadcrumb"},"inLanguage":"en-US","potentialAction":[{"@type":"ReadAction","target":["https:\/\/kaiserls.com\/index.php\/what-they-say\/"]}]},{"@type":"ImageObject","inLanguage":"en-US","@id":"https:\/\/kaiserls.com\/index.php\/what-they-say\/#primaryimage","url":"https:\/\/kaiserls.com\/wp-content\/uploads\/2017\/03\/Two-Women-2000x1200.jpg","contentUrl":"https:\/\/kaiserls.com\/wp-content\/uploads\/2017\/03\/Two-Women-2000x1200.jpg","width":2000,"height":1200,"caption":"Testimonials Credits Claudia Balasoiu\/Freepik"},{"@type":"BreadcrumbList","@id":"https:\/\/kaiserls.com\/index.php\/what-they-say\/#breadcrumb","itemListElement":[{"@type":"ListItem","position":1,"name":"Home","item":"https:\/\/kaiserls.com\/"},{"@type":"ListItem","position":2,"name":"What they say"}]},{"@type":"WebSite","@id":"https:\/\/kaiserls.com\/#website","url":"https:\/\/kaiserls.com\/","name":"Kaiser Learning Studio","description":"ENGLISH, MATHS, SCIENCE and MODERN FOREIGN LANGUAGE SCHOOL AND CONSULTANCY \u2022 BOOST SCHOOL RESULTS, CAREER AND PERSONAL PROFILES \u2022 ENHANCE INTERNATIONAL PRESENCE \u2022 GAIN MATHS, SCIENCE, ENGLISH and MFL GCSEs + ENGLISH LANGUAGE CERTIFICATES \u2022 ONLINE OR AT OUR LONDON STUDIO","publisher":{"@id":"https:\/\/kaiserls.com\/#organization"},"potentialAction":[{"@type":"SearchAction","target":{"@type":"EntryPoint","urlTemplate":"https:\/\/kaiserls.com\/?s={search_term_string}"},"query-input":{"@type":"PropertyValueSpecification","valueRequired":true,"valueName":"search_term_string"}}],"inLanguage":"en-US"},{"@type":"Organization","@id":"https:\/\/kaiserls.com\/#organization","name":"Kaiser Language Solutions","url":"https:\/\/kaiserls.com\/","logo":{"@type":"ImageObject","inLanguage":"en-US","@id":"https:\/\/kaiserls.com\/#\/schema\/logo\/image\/","url":"http:\/\/kaiserls.com\/wp-content\/uploads\/2017\/03\/KLS-Letter-Head.png","contentUrl":"http:\/\/kaiserls.com\/wp-content\/uploads\/2017\/03\/KLS-Letter-Head.png","width":618,"height":202,"caption":"Kaiser Language Solutions"},"image":{"@id":"https:\/\/kaiserls.com\/#\/schema\/logo\/image\/"},"sameAs":["https:\/\/www.facebook.com\/kaiserls\/","https:\/\/x.com\/ls_kaiser"]}]}},"_links":{"self":[{"href":"https:\/\/kaiserls.com\/index.php\/wp-json\/wp\/v2\/pages\/49","targetHints":{"allow":["GET"]}}],"collection":[{"href":"https:\/\/kaiserls.com\/index.php\/wp-json\/wp\/v2\/pages"}],"about":[{"href":"https:\/\/kaiserls.com\/index.php\/wp-json\/wp\/v2\/types\/page"}],"author":[{"embeddable":true,"href":"https:\/\/kaiserls.com\/index.php\/wp-json\/wp\/v2\/users\/1"}],"replies":[{"embeddable":true,"href":"https:\/\/kaiserls.com\/index.php\/wp-json\/wp\/v2\/comments?post=49"}],"version-history":[{"count":26,"href":"https:\/\/kaiserls.com\/index.php\/wp-json\/wp\/v2\/pages\/49\/revisions"}],"predecessor-version":[{"id":1387,"href":"https:\/\/kaiserls.com\/index.php\/wp-json\/wp\/v2\/pages\/49\/revisions\/1387"}],"wp:featuredmedia":[{"embeddable":true,"href":"https:\/\/kaiserls.com\/index.php\/wp-json\/wp\/v2\/media\/130"}],"wp:attachment":[{"href":"https:\/\/kaiserls.com\/index.php\/wp-json\/wp\/v2\/media?parent=49"}],"curies":[{"name":"wp","href":"https:\/\/api.w.org\/{rel}","templated":true}]}}